{"id":84,"date":"2025-12-30T06:42:20","date_gmt":"2025-12-30T06:42:20","guid":{"rendered":"https:\/\/mysticbabka.com\/index.php\/contact-12\/"},"modified":"2025-12-30T07:42:55","modified_gmt":"2025-12-30T07:42:55","slug":"contact-12","status":"publish","type":"page","link":"https:\/\/mysticbabka.com\/index.php\/contact-12\/","title":{"rendered":"Kontakt"},"content":{"rendered":"\n<div class=\"wp-block-group has-global-padding is-layout-constrained wp-container-core-group-is-layout-24f5f884 wp-block-group-is-layout-constrained\" style=\"padding-top:var(--wp--preset--spacing--superbspacing-small);padding-right:var(--wp--preset--spacing--superbspacing-small);padding-bottom:var(--wp--preset--spacing--superbspacing-small);padding-left:var(--wp--preset--spacing--superbspacing-small)\">\n<figure class=\"wp-block-image aligncenter size-full is-resized has-custom-border\"><img fetchpriority=\"high\" decoding=\"async\" width=\"1920\" height=\"2560\" src=\"http:\/\/mysticbabka.com\/wp-content\/uploads\/2025\/12\/PXL_20251104_111336097-scaled.jpg\" alt=\"\" class=\"wp-image-97\" style=\"border-radius:100px;object-fit:cover;width:112px;height:112px\" srcset=\"https:\/\/mysticbabka.com\/wp-content\/uploads\/2025\/12\/PXL_20251104_111336097-scaled.jpg 1920w, https:\/\/mysticbabka.com\/wp-content\/uploads\/2025\/12\/PXL_20251104_111336097-225x300.jpg 225w, https:\/\/mysticbabka.com\/wp-content\/uploads\/2025\/12\/PXL_20251104_111336097-768x1024.jpg 768w, https:\/\/mysticbabka.com\/wp-content\/uploads\/2025\/12\/PXL_20251104_111336097-1152x1536.jpg 1152w, https:\/\/mysticbabka.com\/wp-content\/uploads\/2025\/12\/PXL_20251104_111336097-1536x2048.jpg 1536w\" sizes=\"(max-width: 1920px) 100vw, 1920px\" \/><\/figure>\n\n\n\n<h1 class=\"wp-block-heading has-text-align-center has-superbfont-large-font-size\">Skontaktuj si\u0119 ze mn\u0105<\/h1>\n\n\n\n<p class=\"has-text-align-center has-mono-2-color has-text-color has-link-color has-superbfont-xsmall-font-size wp-elements-b469f027915e91f021f835f9e7600f5d\">Pi\u0119knie dzi\u0119kuj\u0119 za ch\u0119\u0107 nawi\u0105zania kontaktu! Niezale\u017cnie od tego, czy masz pomys\u0142 na artyku\u0142, propozycj\u0119 wsp\u00f3\u0142pracy, czy po prostu chcesz podzieli\u0107 si\u0119 swoimi przemy\u015bleniami, ch\u0119tnie si\u0119 z Tob\u0105 skontaktuj\u0119. Mo\u017cesz to zrobi\u0107 za po\u015brednictwem dowolnego z poni\u017cszych kana\u0142\u00f3w:<\/p>\n\n\n\n<div class=\"wp-block-group has-border-color has-mono-3-border-color has-global-padding is-layout-constrained wp-container-core-group-is-layout-2db875c8 wp-block-group-is-layout-constrained\" style=\"border-width:1px;border-radius:5px;padding-top:var(--wp--preset--spacing--superbspacing-xsmall);padding-right:var(--wp--preset--spacing--superbspacing-xsmall);padding-bottom:var(--wp--preset--spacing--superbspacing-xsmall);padding-left:var(--wp--preset--spacing--superbspacing-xsmall)\">\n<p class=\"has-mono-2-color has-text-color has-link-color has-superbfont-small-font-size wp-elements-0d01a64a90372e7f36fb6f5ee7d11a88\" style=\"margin-top:0;margin-bottom:0;font-style:normal;font-weight:600\">Email<\/p>\n\n\n\n<p class=\"has-mono-2-color has-text-color has-link-color has-superbfont-xsmall-font-size wp-elements-fef5bbd5adae68f55d6ba5a30d1f1036\" style=\"margin-top:var(--wp--preset--spacing--superbspacing-xxsmall);margin-bottom:0\">mistycznababka@gmail.com<\/p>\n<\/div>\n<\/div>\n\n\n\n<div class=\"wp-block-group has-global-padding is-layout-constrained wp-container-core-group-is-layout-63f6eef5 wp-block-group-is-layout-constrained\" style=\"padding-top:var(--wp--preset--spacing--superbspacing-xsmall);padding-right:var(--wp--preset--spacing--superbspacing-small);padding-bottom:var(--wp--preset--spacing--superbspacing-xsmall);padding-left:var(--wp--preset--spacing--superbspacing-small)\">\n<div class=\"wp-block-group has-border-color has-mono-3-border-color has-global-padding is-layout-constrained wp-container-core-group-is-layout-4365a5d9 wp-block-group-is-layout-constrained\" style=\"border-width:1px;border-radius:8px;margin-top:var(--wp--preset--spacing--superbspacing-xsmall);margin-bottom:var(--wp--preset--spacing--superbspacing-xsmall);padding-top:var(--wp--preset--spacing--superbspacing-xsmall);padding-right:var(--wp--preset--spacing--superbspacing-xsmall);padding-bottom:var(--wp--preset--spacing--superbspacing-xsmall);padding-left:var(--wp--preset--spacing--superbspacing-xsmall)\">\n<figure class=\"wp-block-image size-full has-custom-border\"><img decoding=\"async\" width=\"500\" height=\"500\" src=\"http:\/\/mysticbabka.com\/wp-content\/uploads\/2025\/12\/Copy-of-Logo_ENG.png\" alt=\"\" class=\"wp-image-86\" style=\"border-radius:8px\" srcset=\"https:\/\/mysticbabka.com\/wp-content\/uploads\/2025\/12\/Copy-of-Logo_ENG.png 500w, https:\/\/mysticbabka.com\/wp-content\/uploads\/2025\/12\/Copy-of-Logo_ENG-300x300.png 300w, https:\/\/mysticbabka.com\/wp-content\/uploads\/2025\/12\/Copy-of-Logo_ENG-150x150.png 150w\" sizes=\"(max-width: 500px) 100vw, 500px\" \/><\/figure>\n<\/div>\n<\/div>\n\n\n\n<p><\/p>\n","protected":false},"excerpt":{"rendered":"<p>Skontaktuj si\u0119 ze mn\u0105 Pi\u0119knie dzi\u0119kuj\u0119 za ch\u0119\u0107 nawi\u0105zania kontaktu! Niezale\u017cnie od tego, czy masz pomys\u0142 na artyku\u0142, propozycj\u0119 wsp\u00f3\u0142pracy, czy po prostu chcesz podzieli\u0107 si\u0119 swoimi przemy\u015bleniami, ch\u0119tnie si\u0119 z Tob\u0105 skontaktuj\u0119. Mo\u017cesz to zrobi\u0107 za po\u015brednictwem dowolnego z poni\u017cszych kana\u0142\u00f3w: Email mistycznababka@gmail.com<\/p>\n","protected":false},"author":1,"featured_media":0,"parent":0,"menu_order":0,"comment_status":"closed","ping_status":"closed","template":"superbaddons-page-template","meta":{"footnotes":""},"class_list":["post-84","page","type-page","status-publish","hentry"],"_links":{"self":[{"href":"https:\/\/mysticbabka.com\/index.php\/wp-json\/wp\/v2\/pages\/84","targetHints":{"allow":["GET"]}}],"collection":[{"href":"https:\/\/mysticbabka.com\/index.php\/wp-json\/wp\/v2\/pages"}],"about":[{"href":"https:\/\/mysticbabka.com\/index.php\/wp-json\/wp\/v2\/types\/page"}],"author":[{"embeddable":true,"href":"https:\/\/mysticbabka.com\/index.php\/wp-json\/wp\/v2\/users\/1"}],"replies":[{"embeddable":true,"href":"https:\/\/mysticbabka.com\/index.php\/wp-json\/wp\/v2\/comments?post=84"}],"version-history":[{"count":2,"href":"https:\/\/mysticbabka.com\/index.php\/wp-json\/wp\/v2\/pages\/84\/revisions"}],"predecessor-version":[{"id":98,"href":"https:\/\/mysticbabka.com\/index.php\/wp-json\/wp\/v2\/pages\/84\/revisions\/98"}],"wp:attachment":[{"href":"https:\/\/mysticbabka.com\/index.php\/wp-json\/wp\/v2\/media?parent=84"}],"curies":[{"name":"wp","href":"https:\/\/api.w.org\/{rel}","templated":true}]}}