{"id":104,"date":"2026-01-08T10:04:34","date_gmt":"2026-01-08T10:04:34","guid":{"rendered":"https:\/\/mysticbabka.com\/index.php\/o-mnie\/"},"modified":"2026-01-12T06:47:55","modified_gmt":"2026-01-12T06:47:55","slug":"o-mnie","status":"publish","type":"page","link":"https:\/\/mysticbabka.com\/index.php\/o-mnie\/","title":{"rendered":"Informacje o mnie"},"content":{"rendered":"\n<div class=\"wp-block-group author-introduction-pattern has-global-padding is-layout-constrained wp-container-core-group-is-layout-9243c0fd wp-block-group-is-layout-constrained\" style=\"padding-top:var(--wp--preset--spacing--superbspacing-small);padding-right:var(--wp--preset--spacing--superbspacing-small);padding-bottom:var(--wp--preset--spacing--superbspacing-xsmall);padding-left:var(--wp--preset--spacing--superbspacing-small)\">\n<figure class=\"wp-block-image size-full has-custom-border\"><img fetchpriority=\"high\" decoding=\"async\" width=\"2560\" height=\"1928\" src=\"https:\/\/mysticbabka.com\/wp-content\/uploads\/2026\/01\/PXL_20251219_074127673-scaled.jpg\" alt=\"\" class=\"wp-image-107\" style=\"border-radius:16px\" srcset=\"https:\/\/mysticbabka.com\/wp-content\/uploads\/2026\/01\/PXL_20251219_074127673-scaled.jpg 2560w, https:\/\/mysticbabka.com\/wp-content\/uploads\/2026\/01\/PXL_20251219_074127673-300x226.jpg 300w, https:\/\/mysticbabka.com\/wp-content\/uploads\/2026\/01\/PXL_20251219_074127673-1024x771.jpg 1024w, https:\/\/mysticbabka.com\/wp-content\/uploads\/2026\/01\/PXL_20251219_074127673-768x578.jpg 768w, https:\/\/mysticbabka.com\/wp-content\/uploads\/2026\/01\/PXL_20251219_074127673-1536x1157.jpg 1536w, https:\/\/mysticbabka.com\/wp-content\/uploads\/2026\/01\/PXL_20251219_074127673-2048x1542.jpg 2048w\" sizes=\"(max-width: 2560px) 100vw, 2560px\" \/><\/figure>\n\n\n\n<h1 class=\"wp-block-heading has-superbfont-large-font-size\">Witaj na mojej stronie!<\/h1>\n\n\n\n<p class=\"has-mono-2-color has-text-color has-link-color has-superbfont-xsmall-font-size wp-elements-f58ea513491f6596ba8090764189ac30\">Nazywam si\u0119 Ania Bielecka i mo\u017cesz mnie znale\u017a\u0107 na YouTube publikuj\u0105ca czytania Tarota oraz Wyroczni.<\/p>\n\n\n\n<p class=\"has-mono-2-color has-text-color has-link-color has-superbfont-xsmall-font-size wp-elements-9281261591768d694268ee29471eaa7c\">Pierwsze karty Tarota kupi\u0142am maj\u0105c 15 lat, i szybko zosta\u0142y one wyrzucone przez moj\u0105 katolick\u0105 rodzin\u0119, tak samo jak glany \ud83d\ude09 Mo\u017ce moja przygoda z kartami zacz\u0119\u0142a si\u0119 wi\u0119c jako forma buntu, ale karty towarzyszy\u0142y mi ju\u017c przez ca\u0142e \u017cycie.<\/p>\n\n\n\n<p class=\"has-mono-2-color has-text-color has-link-color has-superbfont-xsmall-font-size wp-elements-da7bf710cc4e00b406eb23e03c8c7a98\">Nie uwa\u017cam siebie za wr\u00f3\u017ck\u0119 tradycyjn\u0105 &#8211; my\u015bl\u0119 o sobie raczej jako coach\u00b4u. W moim rozumieniu poj\u0119cie wr\u00f3\u017cki to co\u015b co wymaga rewizji, modernizacji oraz integracji z nauk\u0105. Nie neguj\u0119 spirytualizmu ale postrzegam duchowo\u015b\u0107 jako indywidualn\u0105 \u015bcie\u017ck\u0119 poszukiwania miejsca na ziemi a nie dogmat. Uwa\u017cam te\u017c, \u017ce w dobie internetu i mediow socjalnych, tak\u017ce i ten aspekt jest nadu\u017cywany i przetwarzany jako produkt nie zawsze z korzy\u015bci\u0105 dla odbiorc\u00f3w.<\/p>\n\n\n\n<p class=\"has-mono-2-color has-text-color has-link-color has-superbfont-xsmall-font-size wp-elements-169be70df80493af5d234ef0aa0213d0\">My\u015bl\u0119, \u017ce rozw\u00f3j duchowy jest istotny ale r\u00f3wnie istotne dla nas i dla naszego szcz\u0119\u015bcia jest stan naszego umys\u0142u. Dlatego w pracy u\u017cywam narz\u0119dzi takich jak Tarot oraz Karty wyroczni ale i si\u0119gam do psychologii i sprawdzonych narz\u0119dzi terapeutycznych. M\u00f3j kana\u0142 mo\u017cna wi\u0119c nazwa\u0107 &#8220;Integratorem&#8221; \u015bwiata duchowego z tym fizycznym.<\/p>\n\n\n\n<p class=\"has-mono-2-color has-text-color has-link-color has-superbfont-xsmall-font-size wp-elements-7b30b7f230ed2c8a39f1a4c9e89c05a6\">W tej integracji pomaga mi r\u00f3wnie\u017c to mam &#8220;normaln\u0105&#8221; prac\u0119. Pracuj\u0119 w Informatyce jako liderka i przewodz\u0119 znakomitemu zespo\u0142owi fantastycznych ludzi. W mojej codziennej pracy wierz\u0119 \u017ce rola lidera jest tworzenie \u015brodowiska wspieraj\u0105cego rozw\u00f3j mojego zespo\u0142u, i to samo jest dla mnie istotne w mojej roli jako Mistyczna Babka.<\/p>\n\n\n\n<p class=\"has-mono-2-color has-text-color has-link-color has-superbfont-xsmall-font-size wp-elements-6a815d598c9b3b450f0236e7247eabb9\">Prywatnie mieszkam w Hiszpanii, konkretnie w okolicach Tarragony z moimi dwoma kotami &#8211; kt\u00f3re kocham ogromnie! Uwielbiam te\u017c ten kraj, i uwa\u017cam, \u017ce to moje miejsce na ziemi. Lubi\u0119 bardzo podr\u00f3\u017ce, te fizyczne i kulinarne, zwierz\u0119ta, natur\u0119 i poranne k\u0105piele w morzu, kiedy temperatury na to pozwalaj\u0105 \ud83d\ude42 W czytaniach mo\u017cna te\u017c znale\u017a\u0107 kulturalne referencje z du\u017cego i ma\u0142ego ekranu, bo cenie sobie te\u017c rozrywk\u0119.<\/p>\n\n\n\n<p class=\"has-mono-2-color has-text-color has-link-color has-superbfont-xsmall-font-size wp-elements-d6a0a07961db164e6474841ecef1dac6\">Zapraszam do kontaktu!<\/p>\n\n\n\n<div class=\"wp-block-group has-global-padding is-layout-constrained wp-block-group-is-layout-constrained\">\n<div class=\"wp-block-media-text alignwide is-stacked-on-mobile is-vertically-aligned-center\" style=\"grid-template-columns:15% auto\"><figure class=\"wp-block-media-text__media\"><img decoding=\"async\" width=\"768\" height=\"1024\" src=\"http:\/\/mysticbabka.com\/wp-content\/uploads\/2025\/12\/PXL_20251104_111336097-768x1024.jpg\" alt=\"\" class=\"wp-image-97 size-full\" srcset=\"https:\/\/mysticbabka.com\/wp-content\/uploads\/2025\/12\/PXL_20251104_111336097-768x1024.jpg 768w, https:\/\/mysticbabka.com\/wp-content\/uploads\/2025\/12\/PXL_20251104_111336097-225x300.jpg 225w, https:\/\/mysticbabka.com\/wp-content\/uploads\/2025\/12\/PXL_20251104_111336097-1152x1536.jpg 1152w, https:\/\/mysticbabka.com\/wp-content\/uploads\/2025\/12\/PXL_20251104_111336097-1536x2048.jpg 1536w, https:\/\/mysticbabka.com\/wp-content\/uploads\/2025\/12\/PXL_20251104_111336097-scaled.jpg 1920w\" sizes=\"(max-width: 768px) 100vw, 768px\" \/><\/figure><div class=\"wp-block-media-text__content\">\n<p class=\"has-dm-serif-display-font-family has-superbfont-small-font-size\" style=\"margin-top:0px;margin-right:0px;margin-bottom:0px;margin-left:0px;padding-top:14px;padding-right:0px;padding-bottom:0px;padding-left:0px;font-style:normal;font-weight:600\">Mistyczna Babka<\/p>\n\n\n\n<p class=\"has-mono-2-color has-text-color has-link-color has-superbfont-xsmall-font-size wp-elements-47c01641fe4fdeced7d9d247451b1d5b\" style=\"margin-top:4px\">Nie-typowa wr\u00f3\u017cka \ud83d\ude09<\/p>\n<\/div><\/div>\n<\/div>\n<\/div>\n\n\n\n<p><\/p>\n","protected":false},"excerpt":{"rendered":"<p>Witaj na mojej stronie! Nazywam si\u0119 Ania Bielecka i mo\u017cesz mnie znale\u017a\u0107 na YouTube publikuj\u0105ca czytania Tarota oraz Wyroczni. Pierwsze karty Tarota kupi\u0142am maj\u0105c 15 lat, i szybko zosta\u0142y one wyrzucone przez moj\u0105 katolick\u0105 rodzin\u0119, tak samo jak glany \ud83d\ude09 Mo\u017ce moja przygoda z kartami zacz\u0119\u0142a si\u0119 wi\u0119c jako forma buntu, ale karty towarzyszy\u0142y mi [&hellip;]<\/p>\n","protected":false},"author":1,"featured_media":0,"parent":0,"menu_order":0,"comment_status":"closed","ping_status":"closed","template":"superbaddons-page-template","meta":{"footnotes":""},"class_list":["post-104","page","type-page","status-publish","hentry"],"_links":{"self":[{"href":"https:\/\/mysticbabka.com\/index.php\/wp-json\/wp\/v2\/pages\/104","targetHints":{"allow":["GET"]}}],"collection":[{"href":"https:\/\/mysticbabka.com\/index.php\/wp-json\/wp\/v2\/pages"}],"about":[{"href":"https:\/\/mysticbabka.com\/index.php\/wp-json\/wp\/v2\/types\/page"}],"author":[{"embeddable":true,"href":"https:\/\/mysticbabka.com\/index.php\/wp-json\/wp\/v2\/users\/1"}],"replies":[{"embeddable":true,"href":"https:\/\/mysticbabka.com\/index.php\/wp-json\/wp\/v2\/comments?post=104"}],"version-history":[{"count":6,"href":"https:\/\/mysticbabka.com\/index.php\/wp-json\/wp\/v2\/pages\/104\/revisions"}],"predecessor-version":[{"id":137,"href":"https:\/\/mysticbabka.com\/index.php\/wp-json\/wp\/v2\/pages\/104\/revisions\/137"}],"wp:attachment":[{"href":"https:\/\/mysticbabka.com\/index.php\/wp-json\/wp\/v2\/media?parent=104"}],"curies":[{"name":"wp","href":"https:\/\/api.w.org\/{rel}","templated":true}]}}